{"id":2,"date":"2025-02-26T15:28:17","date_gmt":"2025-02-26T15:28:17","guid":{"rendered":"https:\/\/schrijfbureaubra.com\/?page_id=2"},"modified":"2026-04-07T12:34:16","modified_gmt":"2026-04-07T11:34:16","slug":"2-2","status":"publish","type":"page","link":"https:\/\/schrijfbureaubra.com\/","title":{"rendered":""},"content":{"rendered":"\n<p><\/p>\n\n\n\n<div class=\"wp-block-columns alignfull is-not-stacked-on-mobile is-layout-flex wp-container-core-columns-is-layout-a2447dee wp-block-columns-is-layout-flex\" style=\"padding-top:var(--wp--preset--spacing--medium);padding-bottom:var(--wp--preset--spacing--medium)\">\n<div class=\"wp-block-column is-layout-flow wp-block-column-is-layout-flow\"><\/div>\n<\/div>\n\n\n\n<p class=\"has-text-align-center has-medium-font-size\">Woorden. Slingers van woorden. Netjes rijg ik ze voor je aan elkaar. Soms pak ik de schaar &#8211; knip knip &#8211; en knutsel iets nieuws. Franse en Engelse woorden, stuur ze gerust, die klei ik naar het Nederlands. (Her)schrijven en vertalen, ik doe dat graag.<\/p>\n\n\n<div style=\"margin-top: var(--wp--preset--spacing--medium); margin-bottom: var(--wp--preset--spacing--medium); \" class=\"wp-block-ub-divider ub_divider ub-divider-orientation-horizontal ub-hide-on-desktop\" id=\"ub_divider_d9ac382f-5754-4af3-a689-dc7a10f18003\"><div class=\"ub_divider_wrapper\" style=\"position: relative; margin-bottom: 10px; width: 50%; height: 10px; \" data-divider-alignment=\"center\"><div class=\"ub_divider_line\" style=\"border-top: 3px solid #7368f2; margin-top: 10px; \"><\/div><\/div><\/div>\n\n\n<div class=\"wp-block-group alignfull has-base-background-color has-background has-global-padding is-layout-constrained wp-container-core-group-is-layout-7488a069 wp-block-group-is-layout-constrained\" id=\"Diensten\" style=\"margin-top:0;margin-bottom:0;padding-top:var(--wp--preset--spacing--x-large);padding-bottom:var(--wp--preset--spacing--x-large)\">\n<main class=\"wp-block-group alignwide is-layout-grid wp-container-core-group-is-layout-8beb62e5 wp-block-group-is-layout-grid\">\n<div class=\"wp-block-group has-border-color has-border-light-border-color has-base-background-color has-background is-vertical is-content-justification-stretch is-layout-flex wp-container-core-group-is-layout-163c2e90 wp-block-group-is-layout-flex\" style=\"border-width:1px;border-radius:5px;min-height:100%;padding-top:var(--wp--preset--spacing--medium);padding-right:var(--wp--preset--spacing--medium);padding-bottom:var(--wp--preset--spacing--medium);padding-left:var(--wp--preset--spacing--medium)\">\n<div class=\"wp-block-group has-global-padding is-layout-constrained wp-container-core-group-is-layout-f5f3bcb8 wp-block-group-is-layout-constrained\">\n<figure class=\"wp-block-image size-large\"><img loading=\"lazy\" decoding=\"async\" width=\"1024\" height=\"863\" src=\"https:\/\/schrijfbureaubra.com\/wp-content\/uploads\/2025\/03\/hand-writing_carre-1024x863.png\" alt=\"\" class=\"wp-image-50\" srcset=\"https:\/\/schrijfbureaubra.com\/wp-content\/uploads\/2025\/03\/hand-writing_carre-1024x863.png 1024w, https:\/\/schrijfbureaubra.com\/wp-content\/uploads\/2025\/03\/hand-writing_carre-300x253.png 300w, https:\/\/schrijfbureaubra.com\/wp-content\/uploads\/2025\/03\/hand-writing_carre-768x647.png 768w, https:\/\/schrijfbureaubra.com\/wp-content\/uploads\/2025\/03\/hand-writing_carre-1536x1294.png 1536w, https:\/\/schrijfbureaubra.com\/wp-content\/uploads\/2025\/03\/hand-writing_carre-2048x1725.png 2048w\" sizes=\"auto, (max-width: 1024px) 100vw, 1024px\" \/><\/figure>\n\n\n\n<p class=\"has-text-align-center has-main-color has-text-color\" style=\"font-size:clamp(1.477rem, 1.477rem + ((1vw - 0.2rem) * 1.656), 2.45rem);font-style:normal;font-weight:400\">Schrijven<\/p>\n\n\n\n<p class=\"has-small-font-size\">Een tekst heeft een doel. Informeren, motiveren, inspireren, een tikje provoceren? Vaak moet hij overtuigen, aanzetten tot iets. <\/p>\n\n\n\n<p class=\"has-small-font-size\" style=\"font-style:normal;font-weight:600\">Soms kietelt hij de lezer. <\/p>\n\n\n\n<p class=\"has-small-font-size\">Soms legt hij stapsgewijs uit hoe je een bureau met drie laden voor je kind in elkaar zet. &nbsp;<\/p>\n\n\n\n<p class=\"has-small-font-size\">Termen als genderinclusiviteit, toegankelijkheid, B1-niveau rollen over de tafel.<\/p>\n\n\n\n<p class=\"has-small-font-size\" style=\"font-style:normal;font-weight:600\">Voor wie is die tekst? <\/p>\n\n\n\n<p class=\"has-small-font-size\">Hoe hoog of hoe laag moet de taaldrempel? Komt de tekst online of offline?<\/p>\n\n\n\n<p class=\"has-small-font-size\">Vertel jouw precieze tekstwensen en ik ga voor je aan de slag.<\/p>\n<\/div>\n<\/div>\n\n\n\n<div class=\"wp-block-group has-border-color has-border-light-border-color has-base-background-color has-background is-vertical is-content-justification-stretch is-layout-flex wp-container-core-group-is-layout-163c2e90 wp-block-group-is-layout-flex\" style=\"border-width:1px;border-radius:5px;min-height:100%;padding-top:var(--wp--preset--spacing--medium);padding-right:var(--wp--preset--spacing--medium);padding-bottom:var(--wp--preset--spacing--medium);padding-left:var(--wp--preset--spacing--medium)\">\n<div class=\"wp-block-group has-global-padding is-layout-constrained wp-container-core-group-is-layout-f5f3bcb8 wp-block-group-is-layout-constrained\">\n<figure class=\"wp-block-image size-large\"><img loading=\"lazy\" decoding=\"async\" width=\"1024\" height=\"865\" src=\"https:\/\/schrijfbureaubra.com\/wp-content\/uploads\/2025\/03\/Jacket-gray-1024x865.jpg\" alt=\"\" class=\"wp-image-24\" srcset=\"https:\/\/schrijfbureaubra.com\/wp-content\/uploads\/2025\/03\/Jacket-gray-1024x865.jpg 1024w, https:\/\/schrijfbureaubra.com\/wp-content\/uploads\/2025\/03\/Jacket-gray-300x253.jpg 300w, https:\/\/schrijfbureaubra.com\/wp-content\/uploads\/2025\/03\/Jacket-gray-768x649.jpg 768w, https:\/\/schrijfbureaubra.com\/wp-content\/uploads\/2025\/03\/Jacket-gray-1536x1298.jpg 1536w, https:\/\/schrijfbureaubra.com\/wp-content\/uploads\/2025\/03\/Jacket-gray-2048x1730.jpg 2048w\" sizes=\"auto, (max-width: 1024px) 100vw, 1024px\" \/><\/figure>\n\n\n\n<p class=\"has-text-align-center has-main-color has-text-color\" style=\"font-size:clamp(1.477rem, 1.477rem + ((1vw - 0.2rem) * 1.656), 2.45rem);font-style:normal;font-weight:400\">Herschrijven<\/p>\n\n\n\n<p class=\"has-small-font-size\">Soms heb je al teksten maar moeten ze in een andere jas. <\/p>\n\n\n\n<p class=\"has-small-font-size\" style=\"font-style:normal;font-weight:600\">Franjes, z\u00f3 pass\u00e9. Vindt de doelgroep.<\/p>\n\n\n\n<p class=\"has-small-font-size\">Of de taaldrempel moet wellicht naar beneden: Geen beeldspraak of woordspelingen maar duidelijke taal. Korte zinnen, alledaagse woorden, liefst geen synoniemen. &nbsp;<\/p>\n\n\n\n<p class=\"has-small-font-size\">Misschien komt de tekst online en is plots ander leesgedrag aan de orde?<\/p>\n\n\n\n<p class=\"has-small-font-size\"><strong>Of moeten alleen nog de puntjes op de i<\/strong>.<\/p>\n\n\n\n<p class=\"has-small-font-size\">Ongeacht het niveau van ingrijpen, ik wissel die jas graag voor je.<\/p>\n\n\n\n<p class=\"has-small-font-size\"><em>Bye bye franjes.<\/em><\/p>\n<\/div>\n<\/div>\n\n\n\n<div class=\"wp-block-group has-border-color has-border-light-border-color has-base-background-color has-background is-vertical is-content-justification-stretch is-layout-flex wp-container-core-group-is-layout-163c2e90 wp-block-group-is-layout-flex\" style=\"border-width:1px;border-radius:5px;min-height:100%;padding-top:var(--wp--preset--spacing--medium);padding-right:var(--wp--preset--spacing--medium);padding-bottom:var(--wp--preset--spacing--medium);padding-left:var(--wp--preset--spacing--medium)\">\n<div class=\"wp-block-group has-global-padding is-layout-constrained wp-container-core-group-is-layout-f5f3bcb8 wp-block-group-is-layout-constrained\">\n<figure class=\"wp-block-image size-large\"><img loading=\"lazy\" decoding=\"async\" width=\"1024\" height=\"859\" src=\"https:\/\/schrijfbureaubra.com\/wp-content\/uploads\/2025\/04\/globe_carre2-1024x859.png\" alt=\"\" class=\"wp-image-277\" srcset=\"https:\/\/schrijfbureaubra.com\/wp-content\/uploads\/2025\/04\/globe_carre2-1024x859.png 1024w, https:\/\/schrijfbureaubra.com\/wp-content\/uploads\/2025\/04\/globe_carre2-300x252.png 300w, https:\/\/schrijfbureaubra.com\/wp-content\/uploads\/2025\/04\/globe_carre2-768x644.png 768w, https:\/\/schrijfbureaubra.com\/wp-content\/uploads\/2025\/04\/globe_carre2-1536x1288.png 1536w, https:\/\/schrijfbureaubra.com\/wp-content\/uploads\/2025\/04\/globe_carre2-2048x1718.png 2048w\" sizes=\"auto, (max-width: 1024px) 100vw, 1024px\" \/><\/figure>\n\n\n\n<p class=\"has-text-align-center has-main-color has-text-color\" style=\"font-size:clamp(1.477rem, 1.477rem + ((1vw - 0.2rem) * 1.656), 2.45rem);font-style:normal;font-weight:400\">Vertalen<\/p>\n\n\n\n<p class=\"has-small-font-size\" style=\"font-style:normal;font-weight:600\">Vertalen naar een andere taal is vertalen naar een andere cultuur. <\/p>\n\n\n\n<p class=\"has-small-font-size\">En culturen verschillen. Daar hou je als vertaler rekening mee. Je blijft dicht bij de brontekst maar soms veroorloof je je enige vrijheid.<\/p>\n\n\n\n<p class=\"has-small-font-size\" style=\"font-style:normal;font-weight:600\">Ook taalgebruik verschilt.<\/p>\n\n\n\n<p class=\"has-small-font-size\">Neem nominalisaties. In de Nederlandse taal zijn we zuinig ermee: te veel nominalisaties zorgen voor abstracte, afstandelijke teksten.<\/p>\n\n\n\n<p class=\"has-small-font-size\">Engels- en Franstaligen zijn guller want nominalisaties laat hen toe compacter te formuleren. &nbsp;<\/p>\n\n\n\n<p class=\"has-small-font-size\">Een scherp oog voor verschillen als deze is belangrijk. <\/p>\n<\/div>\n<\/div>\n<\/main>\n<\/div>\n\n\n\n<div class=\"wp-block-group alignfull is-style-default has-tertiary-background-color has-background has-global-padding is-layout-constrained wp-container-core-group-is-layout-1bab04e9 wp-block-group-is-layout-constrained\" id=\"Over\" style=\"margin-top:0px;margin-bottom:0px;padding-top:var(--wp--preset--spacing--xxx-large);padding-right:var(--wp--preset--spacing--medium);padding-bottom:var(--wp--preset--spacing--xxx-large);padding-left:var(--wp--preset--spacing--medium)\">\n<p class=\"has-x-large-font-size\" style=\"font-style:normal;font-weight:100\">Snipper van mijn verhaal<\/p>\n\n\n\n<p>Als uk speelde ik met de blokken, als groot mens vermaak ik me met woorden. Gulzig slurp ik ze naar binnen en weloverwogen pen ik ze neer.<\/p>\n\n\n\n<p>Sorry, het niet-gehoopte antwoord op een sollicitatie naar een job. Een prachtige job, maar geen kwalificaties of ervaring. W\u00e9l enthousiasme, dat was helaas niet genoeg.<\/p>\n\n\n\n<p>Het was 2012 en ik dook de boeken in. Ik startte met een master in communicatie (Londen), volgde die op met een opleiding rond redactie en voegde daar tot slot een jaar copywriting (Brussel) aan toe.<\/p>\n\n\n\n<p>Mijn hoofd vulde zich met communicatie-, taal- en schrijfkennis. Evenals mijn boekenkast. Die ruilde ik in voor een groter exemplaar. &nbsp;<\/p>\n\n\n\n<p>Tegenwoordig schrijf ik in loondienst voor Leefmilieu Brussel en daarnaast als freelancer voor ieder die in tekstnood is.<\/p>\n\n\n\n<div class=\"wp-block-columns is-layout-flex wp-container-core-columns-is-layout-28f84493 wp-block-columns-is-layout-flex\">\n<div class=\"wp-block-column is-layout-flow wp-block-column-is-layout-flow\" style=\"flex-basis:66.66%\">\n<p class=\"has-medium-font-size\" style=\"font-style:normal;font-weight:400\">Verder <\/p>\n\n\n\n<p>14 jaar gewoond, gewerkt, gezwierd in Londen | speechen in Engels en Frans | voorlezer in bibliotheek | geboren en gegroeid tot 167 cm in Nederland | duurzaamheid | leest alles wat los en vast zit<\/p>\n\n\n\n<p class=\"has-base-font-size\" style=\"padding-top:var(--wp--preset--spacing--medium);padding-bottom:var(--wp--preset--spacing--medium)\"><em>Ben jij in tekstnood? Geef me een seintje!<\/em><\/p>\n<\/div>\n\n\n\n<div class=\"wp-block-column is-layout-flow wp-block-column-is-layout-flow\" style=\"flex-basis:33.33%\">\n<figure class=\"wp-block-image size-full\"><img loading=\"lazy\" decoding=\"async\" width=\"1683\" height=\"1683\" src=\"https:\/\/schrijfbureaubra.com\/wp-content\/uploads\/2025\/05\/profielfoto.png\" alt=\"\" class=\"wp-image-489\" srcset=\"https:\/\/schrijfbureaubra.com\/wp-content\/uploads\/2025\/05\/profielfoto.png 1683w, https:\/\/schrijfbureaubra.com\/wp-content\/uploads\/2025\/05\/profielfoto-300x300.png 300w, https:\/\/schrijfbureaubra.com\/wp-content\/uploads\/2025\/05\/profielfoto-1024x1024.png 1024w, https:\/\/schrijfbureaubra.com\/wp-content\/uploads\/2025\/05\/profielfoto-150x150.png 150w, https:\/\/schrijfbureaubra.com\/wp-content\/uploads\/2025\/05\/profielfoto-768x768.png 768w, https:\/\/schrijfbureaubra.com\/wp-content\/uploads\/2025\/05\/profielfoto-1536x1536.png 1536w\" sizes=\"auto, (max-width: 1683px) 100vw, 1683px\" \/><\/figure>\n<\/div>\n<\/div>\n<\/div>\n\n\n\n<div class=\"wp-block-group alignfull is-style-default has-primary-background-color has-background has-global-padding is-layout-constrained wp-container-core-group-is-layout-1bab04e9 wp-block-group-is-layout-constrained\" id=\"BRA\" style=\"margin-top:0px;margin-bottom:0px;padding-top:var(--wp--preset--spacing--xxx-large);padding-right:var(--wp--preset--spacing--medium);padding-bottom:var(--wp--preset--spacing--xxx-large);padding-left:var(--wp--preset--spacing--medium)\">\n<p class=\"has-base-color has-text-color has-link-color has-x-large-font-size wp-elements-e2735042cf9e5c5befdd3a1d5ab1c3e8\" style=\"font-style:normal;font-weight:100\">Zeg, die letters BRA?<\/p>\n\n\n\n<p class=\"has-base-color has-text-color has-link-color wp-elements-4d7c34a5e5cac6df41f0108cfa0d47e9\">Bij formuleren van een tekst komt veel kijken maar zeker is dat die Begrijpelijk, Raak en Aantrekkelijk moet zijn.<\/p>\n\n\n\n<p class=\"has-base-color has-text-color has-link-color has-medium-font-size wp-elements-8fcf404a083d7608bdcfb7b4e9d51084\">Begrijpelijk<\/p>\n\n\n\n<p class=\"has-base-color has-text-color has-link-color wp-elements-4eab5d2b2df38b538118124fa74852cb\">Een tekst die de lezer niet begrijpt, legt die weg. Tenzij de tekst gelezen m\u00f3\u00e9t worden. Wellicht een brief van de verzekering. De lezer worstelt met de tekst en zucht diep. <\/p>\n\n\n\n<p class=\"has-base-color has-text-color has-link-color has-medium-font-size wp-elements-eb39c8ac4e4a67c23e2c6ab7f7f13bd7\">Raak<\/p>\n\n\n\n<p class=\"has-base-color has-text-color has-link-color wp-elements-ca9ab96bced5f0e1479f81eb72a077cd\">Geen woord te veel, geen woord te weinig. Maar r\u00e1\u00e1k. Bondige teksten die tegelijk concreet \u00e9n volledig zijn: de lezer krijgt antwoord op vragen die de tekst oproept.&nbsp;<\/p>\n\n\n\n<p class=\"has-base-color has-text-color has-link-color has-medium-font-size wp-elements-5a5f80264451255ea785c05a8f201e79\">Aantrekkelijk<\/p>\n\n\n\n<p class=\"has-base-color has-text-color has-link-color wp-elements-8bac0e37d746984634a05be84fe20697\">Een tekst moet lekker lezen. Vlot. Ritme in de zinnen, variatie in woordkeus, beeldende taal, \u2026 rekening houdend met de gevoeligheden van de lezer. Die roetsjt als gevolg door de tekst.<\/p>\n\n\n\n<p class=\"has-base-color has-text-color has-link-color wp-elements-812caf5fc31ea8f2ce4782610a6e887a\">Bureau BRA, het klinkt gewoon ook lekker.<\/p>\n<\/div>\n\n\n\n<div class=\"wp-block-columns alignwide is-layout-flex wp-container-core-columns-is-layout-28f84493 wp-block-columns-is-layout-flex\">\n<div class=\"wp-block-column is-layout-flow wp-block-column-is-layout-flow\">\n<figure class=\"wp-block-image size-full\"><img loading=\"lazy\" decoding=\"async\" width=\"451\" height=\"474\" src=\"https:\/\/schrijfbureaubra.com\/wp-content\/uploads\/2025\/04\/chicken-new_xs.png\" alt=\"\" class=\"wp-image-270\" srcset=\"https:\/\/schrijfbureaubra.com\/wp-content\/uploads\/2025\/04\/chicken-new_xs.png 451w, https:\/\/schrijfbureaubra.com\/wp-content\/uploads\/2025\/04\/chicken-new_xs-285x300.png 285w\" sizes=\"auto, (max-width: 451px) 100vw, 451px\" \/><\/figure>\n<\/div>\n\n\n\n<div class=\"wp-block-column is-layout-flow wp-block-column-is-layout-flow\"><\/div>\n\n\n\n<div class=\"wp-block-column is-layout-flow wp-block-column-is-layout-flow\"><\/div>\n\n\n\n<div class=\"wp-block-column is-layout-flow wp-block-column-is-layout-flow\"><\/div>\n<\/div>\n\n\n\n<div class=\"wp-block-columns alignwide is-layout-flex wp-container-core-columns-is-layout-28f84493 wp-block-columns-is-layout-flex\">\n<div class=\"wp-block-column is-layout-flow wp-block-column-is-layout-flow\">\n<p class=\"has-x-small-font-size\" style=\"padding-top:0;padding-bottom:0\"><\/p>\n<\/div>\n\n\n\n<div class=\"wp-block-column is-layout-flow wp-block-column-is-layout-flow\"><\/div>\n\n\n\n<div class=\"wp-block-column is-layout-flow wp-block-column-is-layout-flow\"><\/div>\n<\/div>\n\n\n\n<p><\/p>\n","protected":false},"excerpt":{"rendered":"<p>Woorden. Slingers van woorden. Netjes rijg ik ze voor je aan elkaar. Soms pak ik de schaar &#8211; knip knip &#8211; en knutsel iets nieuws. Franse en Engelse woorden, stuur ze gerust, die klei ik naar het Nederlands. (Her)schrijven en vertalen, ik doe dat graag. Schrijven Een tekst heeft een doel. Informeren, motiveren, inspireren, een [&hellip;]<\/p>\n","protected":false},"author":1,"featured_media":606,"parent":0,"menu_order":0,"comment_status":"closed","ping_status":"open","template":"page-no-title","meta":{"footnotes":""},"class_list":["post-2","page","type-page","status-publish","has-post-thumbnail","hentry"],"featured_image_src":"https:\/\/schrijfbureaubra.com\/wp-content\/uploads\/2025\/06\/haan_inverse_s.png","yoast_head":"<!-- This site is optimized with the Yoast SEO plugin v25.8 - https:\/\/yoast.com\/wordpress\/plugins\/seo\/ -->\n<title>Schrijven, Herschrijven, Vertalen - Schrijfbureau BRA<\/title>\n<meta name=\"description\" content=\"Freelance tekstprofessional kneedt met kennis en kunde jouw teksten. Voor meer informatie, bel +32 496 39 25 68.\" \/>\n<meta name=\"robots\" content=\"noindex, follow, max-snippet:-1, max-image-preview:large, max-video-preview:-1\" \/>\n<meta property=\"og:locale\" content=\"en_US\" \/>\n<meta property=\"og:type\" content=\"article\" \/>\n<meta property=\"og:title\" content=\"Schrijven, Herschrijven, Vertalen - Schrijfbureau BRA\" \/>\n<meta property=\"og:description\" content=\"Freelance tekstprofessional kneedt met kennis en kunde jouw teksten. Voor meer informatie, bel +32 496 39 25 68.\" \/>\n<meta property=\"og:url\" content=\"https:\/\/schrijfbureaubra.com\/\" \/>\n<meta property=\"og:site_name\" content=\"Schrijfbureau BRA\" \/>\n<meta property=\"article:modified_time\" content=\"2026-04-07T11:34:16+00:00\" \/>\n<meta property=\"og:image\" content=\"https:\/\/schrijfbureaubra.com\/wp-content\/uploads\/2025\/03\/hand-writing_carre.png\" \/>\n\t<meta property=\"og:image:width\" content=\"2392\" \/>\n\t<meta property=\"og:image:height\" content=\"2015\" \/>\n\t<meta property=\"og:image:type\" content=\"image\/png\" \/>\n<meta name=\"twitter:card\" content=\"summary_large_image\" \/>\n<meta name=\"twitter:label1\" content=\"Est. reading time\" \/>\n\t<meta name=\"twitter:data1\" content=\"4 minutes\" \/>\n<script type=\"application\/ld+json\" class=\"yoast-schema-graph\">{\"@context\":\"https:\/\/schema.org\",\"@graph\":[{\"@type\":\"WebPage\",\"@id\":\"https:\/\/schrijfbureaubra.com\/\",\"url\":\"https:\/\/schrijfbureaubra.com\/\",\"name\":\"Schrijven, Herschrijven, Vertalen - Schrijfbureau BRA\",\"isPartOf\":{\"@id\":\"https:\/\/schrijfbureaubra.com\/#website\"},\"primaryImageOfPage\":{\"@id\":\"https:\/\/schrijfbureaubra.com\/#primaryimage\"},\"image\":{\"@id\":\"https:\/\/schrijfbureaubra.com\/#primaryimage\"},\"thumbnailUrl\":\"https:\/\/schrijfbureaubra.com\/wp-content\/uploads\/2025\/06\/haan_inverse_s.png\",\"datePublished\":\"2025-02-26T15:28:17+00:00\",\"dateModified\":\"2026-04-07T11:34:16+00:00\",\"description\":\"Freelance tekstprofessional kneedt met kennis en kunde jouw teksten. Voor meer informatie, bel +32 496 39 25 68.\",\"inLanguage\":\"en-US\",\"potentialAction\":[{\"@type\":\"ReadAction\",\"target\":[\"https:\/\/schrijfbureaubra.com\/\"]}]},{\"@type\":\"ImageObject\",\"inLanguage\":\"en-US\",\"@id\":\"https:\/\/schrijfbureaubra.com\/#primaryimage\",\"url\":\"https:\/\/schrijfbureaubra.com\/wp-content\/uploads\/2025\/06\/haan_inverse_s.png\",\"contentUrl\":\"https:\/\/schrijfbureaubra.com\/wp-content\/uploads\/2025\/06\/haan_inverse_s.png\",\"width\":500,\"height\":499},{\"@type\":\"WebSite\",\"@id\":\"https:\/\/schrijfbureaubra.com\/#website\",\"url\":\"https:\/\/schrijfbureaubra.com\/\",\"name\":\"Schrijfbureau BRA\",\"description\":\"Schrijven. Herschrijven. Vertalen.\",\"potentialAction\":[{\"@type\":\"SearchAction\",\"target\":{\"@type\":\"EntryPoint\",\"urlTemplate\":\"https:\/\/schrijfbureaubra.com\/?s={search_term_string}\"},\"query-input\":{\"@type\":\"PropertyValueSpecification\",\"valueRequired\":true,\"valueName\":\"search_term_string\"}}],\"inLanguage\":\"en-US\"}]}<\/script>\n<!-- \/ Yoast SEO plugin. -->","yoast_head_json":{"title":"Schrijven, Herschrijven, Vertalen - Schrijfbureau BRA","description":"Freelance tekstprofessional kneedt met kennis en kunde jouw teksten. Voor meer informatie, bel +32 496 39 25 68.","robots":{"index":"noindex","follow":"follow","max-snippet":"max-snippet:-1","max-image-preview":"max-image-preview:large","max-video-preview":"max-video-preview:-1"},"og_locale":"en_US","og_type":"article","og_title":"Schrijven, Herschrijven, Vertalen - Schrijfbureau BRA","og_description":"Freelance tekstprofessional kneedt met kennis en kunde jouw teksten. Voor meer informatie, bel +32 496 39 25 68.","og_url":"https:\/\/schrijfbureaubra.com\/","og_site_name":"Schrijfbureau BRA","article_modified_time":"2026-04-07T11:34:16+00:00","og_image":[{"width":2392,"height":2015,"url":"https:\/\/schrijfbureaubra.com\/wp-content\/uploads\/2025\/03\/hand-writing_carre.png","type":"image\/png"}],"twitter_card":"summary_large_image","twitter_misc":{"Est. reading time":"4 minutes"},"schema":{"@context":"https:\/\/schema.org","@graph":[{"@type":"WebPage","@id":"https:\/\/schrijfbureaubra.com\/","url":"https:\/\/schrijfbureaubra.com\/","name":"Schrijven, Herschrijven, Vertalen - Schrijfbureau BRA","isPartOf":{"@id":"https:\/\/schrijfbureaubra.com\/#website"},"primaryImageOfPage":{"@id":"https:\/\/schrijfbureaubra.com\/#primaryimage"},"image":{"@id":"https:\/\/schrijfbureaubra.com\/#primaryimage"},"thumbnailUrl":"https:\/\/schrijfbureaubra.com\/wp-content\/uploads\/2025\/06\/haan_inverse_s.png","datePublished":"2025-02-26T15:28:17+00:00","dateModified":"2026-04-07T11:34:16+00:00","description":"Freelance tekstprofessional kneedt met kennis en kunde jouw teksten. Voor meer informatie, bel +32 496 39 25 68.","inLanguage":"en-US","potentialAction":[{"@type":"ReadAction","target":["https:\/\/schrijfbureaubra.com\/"]}]},{"@type":"ImageObject","inLanguage":"en-US","@id":"https:\/\/schrijfbureaubra.com\/#primaryimage","url":"https:\/\/schrijfbureaubra.com\/wp-content\/uploads\/2025\/06\/haan_inverse_s.png","contentUrl":"https:\/\/schrijfbureaubra.com\/wp-content\/uploads\/2025\/06\/haan_inverse_s.png","width":500,"height":499},{"@type":"WebSite","@id":"https:\/\/schrijfbureaubra.com\/#website","url":"https:\/\/schrijfbureaubra.com\/","name":"Schrijfbureau BRA","description":"Schrijven. Herschrijven. Vertalen.","potentialAction":[{"@type":"SearchAction","target":{"@type":"EntryPoint","urlTemplate":"https:\/\/schrijfbureaubra.com\/?s={search_term_string}"},"query-input":{"@type":"PropertyValueSpecification","valueRequired":true,"valueName":"search_term_string"}}],"inLanguage":"en-US"}]}},"_links":{"self":[{"href":"https:\/\/schrijfbureaubra.com\/index.php?rest_route=\/wp\/v2\/pages\/2","targetHints":{"allow":["GET"]}}],"collection":[{"href":"https:\/\/schrijfbureaubra.com\/index.php?rest_route=\/wp\/v2\/pages"}],"about":[{"href":"https:\/\/schrijfbureaubra.com\/index.php?rest_route=\/wp\/v2\/types\/page"}],"author":[{"embeddable":true,"href":"https:\/\/schrijfbureaubra.com\/index.php?rest_route=\/wp\/v2\/users\/1"}],"replies":[{"embeddable":true,"href":"https:\/\/schrijfbureaubra.com\/index.php?rest_route=%2Fwp%2Fv2%2Fcomments&post=2"}],"version-history":[{"count":390,"href":"https:\/\/schrijfbureaubra.com\/index.php?rest_route=\/wp\/v2\/pages\/2\/revisions"}],"predecessor-version":[{"id":830,"href":"https:\/\/schrijfbureaubra.com\/index.php?rest_route=\/wp\/v2\/pages\/2\/revisions\/830"}],"wp:featuredmedia":[{"embeddable":true,"href":"https:\/\/schrijfbureaubra.com\/index.php?rest_route=\/wp\/v2\/media\/606"}],"wp:attachment":[{"href":"https:\/\/schrijfbureaubra.com\/index.php?rest_route=%2Fwp%2Fv2%2Fmedia&parent=2"}],"curies":[{"name":"wp","href":"https:\/\/api.w.org\/{rel}","templated":true}]}}